{"id":377,"date":"2025-09-02T09:58:36","date_gmt":"2025-09-02T09:58:36","guid":{"rendered":"https:\/\/teleasistencia.domusvi.es\/politica-de-privacitat\/"},"modified":"2026-01-13T08:56:37","modified_gmt":"2026-01-13T08:56:37","slug":"politica-de-privacitat","status":"publish","type":"page","link":"https:\/\/teleasistencia.domusvi.es\/ca\/politica-de-privacitat\/","title":{"rendered":"Pol\u00edtica de privacitat"},"content":{"rendered":"\n<p><\/p>\n\n<p><\/p>\n\n<p><\/p>\n\n<p><\/p>\n\n<p>A DomusVi estem compromesos amb la protecci\u00f3 de la privadesa i l&#8217;\u00fas correcte de les dades personals<\/p>\n\n<p>\u00c9s per aix\u00f2 que, aquesta Pol\u00edtica de Privadesa t\u00e9 com a objecte informar sobre el tractament de dades de car\u00e0cter personal que, DomusVi, efectua en aquest lloc web i en qualsevol dels seus subdominis.<\/p>\n\n<p>Abans de facilitar qualsevol tipus de dada de car\u00e0cter personal, heu de llegir atentament aquesta Pol\u00edtica de Privadesa.<\/p>\n\n<p>Qui \u00e9s el Responsable del Tractament de les vostres dades personals?<\/p>\n\n<p>Quavitae Serveis Assistencials SAU (d&#8217;ara endavant DomusVi) \u00e9s qui ostenta la condici\u00f3 de Responsable de Tractament<\/p>\n\n<p>Podeu contactar amb nosaltres a:<\/p>\n\n<ul class=\"wp-block-list\">\n<li>Adre\u00e7a: C\/Ulises, 16-18 28043 Madrid<\/li>\n\n\n\n<li>Correu electr\u00f2nic: <a href=\"mailto:dpo@domusvi.es\">dpo@domusvi.es<\/a><\/li>\n\n\n\n<li>Delegat de Protecci\u00f3 de Dades: dpo@domusvi.es<\/li>\n<\/ul>\n\n<ol class=\"wp-block-list\">\n<li>Per qu\u00e8 tractem les vostres dades personals?<\/li>\n<\/ol>\n\n<p>Les dades personals recollides a trav\u00e9s del lloc web seran tractades amb les seg\u00fcents finalitats i bases legals que en fonamenten el tractament:<\/p>\n\n<p><strong>Formularis web de contacte: <\/strong><\/p>\n\n<p>Les dades personals recollides mitjan\u00e7ant el formulari de contacte seran tractades per compte de DomusVi, en qualitat de responsable del tractament, per tal de gestionar i atendre la vostra petici\u00f3 o sol\u00b7licitud d&#8217;informaci\u00f3, contractaci\u00f3 del servei, dubtes, queixes, etc. o per a la finalitat espec\u00edfica que s&#8217;indiqui al formulari web. <\/p>\n\n<p><strong>Prove\u00efdors:<\/strong> <\/p>\n\n<p>Podem tractar les dades de contacte de les persones que actuen com a punt de contacte i\/o representaci\u00f3 dels nostres prove\u00efdors amb la finalitat de mantenir la relaci\u00f3 comercial i\/o execuci\u00f3 de les corresponents prestacions de servei. <\/p>\n\n<p><strong>Xarxes socials<\/strong> <\/p>\n\n<p>En cas que utilitzi xarxes socials en qu\u00e8 tinguem perfil propi oficial, segons les interaccions que realitzi amb el nostre perfil, podem tractar les seves dades en base a aquestes interaccions. <\/p>\n\n<ul class=\"wp-block-list\">\n<li>Quina \u00e9s la base jur\u00eddica que legitima el tractament de les vostres dades personals? \u00c9s a dir, quina condici\u00f3 fonamenta o habilita que puguem tractar les seves dades personals?  <\/li>\n<\/ul>\n\n<p>La base jur\u00eddica que ens legitima per al tractament de les teves dades pot ser diversa: <\/p>\n\n<p>En uns casos, pot ser el consentiment de les persones interessades (emplenament d&#8217;un formulari web). Quan el tractament es basi en el seu consentiment, aquest s&#8217;entendr\u00e0 atorgat de forma inequ\u00edvoca, i aquesta aportaci\u00f3 es considera un acte afirmatiu clar per la seva banda, que manifesta aquest consentiment.  <\/p>\n\n<p>En altres, el compliment d&#8217;una obligaci\u00f3 legal per part nostra, l&#8217;execuci\u00f3 d&#8217;un contracte o l&#8217;inter\u00e8s leg\u00edtim del Responsable (gesti\u00f3 de dades de contacte i, si escau, les relatives a la funci\u00f3 o lloc exercit de les persones f\u00edsiques que prestin serveis en una persona jur\u00eddica). L&#8217;aportaci\u00f3 de les dades sol\u00b7licitades \u00e9s obligat\u00f2ria per ser imprescindibles per atendre la vostra petici\u00f3 i\/o prestar els nostres serveis; si no els facilita, no la podrem dur a terme o prestar-los.  <\/p>\n\n<ul class=\"wp-block-list\">\n<li>D&#8217;on provenen les vostres dades personals?<\/li>\n<\/ul>\n\n<p>Les dades personals de car\u00e0cter identificatives i de contacte han estat proporcionades directament per vost\u00e8 en car\u00e0cter d&#8217;usuari mitjan\u00e7ant els formularis i camps posats a la vostra disposici\u00f3 al lloc web.<\/p>\n\n<ul class=\"wp-block-list\">\n<li>Per quant de temps conservem les vostres dades personals? <\/li>\n<\/ul>\n\n<p>Les dades personals s&#8217;han de conservar pel temps que necessiti l&#8217;atenci\u00f3 de l&#8217;objecte de la comunicaci\u00f3 i, en aquells casos en qu\u00e8 es basi en el consentiment, mentre no hagi revocat aquest. D&#8217;altra banda, a fi que les dades obrants als nostres fitxers, inform\u00e0tics i\/o en paper, sempre corresponguin a la realitat, es tractar\u00e0 de mantenir actualitzades. De manera que, a aquests efectes, l&#8217;Usuari ens ho pot comunicar, per correu electr\u00f2nic a <a href=\"http:\/\/www.aepd.es\">dpo@domusvi.es<\/a>  <\/p>\n\n<ul class=\"wp-block-list\">\n<li>Amb qui compartim les teves dades personals?<\/li>\n<\/ul>\n\n<p>DomusVi, no comunicar\u00e0 les vostres dades personals a cap tercer, llevat que hi hagi una obligaci\u00f3 legal o que la comunicaci\u00f3 sigui necess\u00e0ria per a l&#8217;execuci\u00f3 o prestaci\u00f3 dels serveis. <\/p>\n\n<p>Sense perjudici de l&#8217;anterior, en el context del servei i de la legislaci\u00f3 aplicable, DomusVi podr\u00e0 comunicar aquelles dades que resultin estrictament necess\u00e0ries en cada cas als destinataris seg\u00fcents: (i) Entitats financeres i banc\u00e0ries per a la gesti\u00f3 de cobraments i pagaments; (ii) administracions p\u00fabliques, jutges o tribunals; i (iii) encarregats del tractament, els qui actuaran per compte i nom de DomusVi, sent aquest el responsable del tractament de les seves dades.   <\/p>\n\n<p>No es preveu la transfer\u00e8ncia internacional de les dades personals dels usuaris. Aix\u00f2 no obstant, en cas de realitzar-se alguna transfer\u00e8ncia internacional, es dur\u00e0 a terme complint estrictament els requisits establerts pel Reglament General de Protecci\u00f3 de Dades i la normativa vigent, mitjan\u00e7ant l&#8217;adopci\u00f3 de garanties jur\u00eddiques adequades que podran consistir en: transfer\u00e8ncies a pa\u00efsos, amb nivell de protecci\u00f3 adequat declarat per la Comissi\u00f3 Europea; formalitzaci\u00f3 de Cl\u00e0usules Contractuals aprovades per la Comissi\u00f3 Europea o altres instruments v\u00e0lids que garanteixin una protecci\u00f3 adequades de les dades personals. <\/p>\n\n<p><a href=\"mailto:dpo@domusvi.es\">dpo@domusvi.es<\/a><\/p>\n\n<ul class=\"wp-block-list\">\n<li>Quins s\u00f3n els teus drets?<\/li>\n<\/ul>\n\n<p>Els drets que legalment li assisteixen i que podr\u00e0 exercitar, quan escaigui, s\u00f3n els seg\u00fcents: <\/p>\n\n<ul class=\"wp-block-list\">\n<li>Dret a sol\u00b7licitar l&#8217;acc\u00e9s a les vostres dades personals. <\/li>\n\n\n\n<li>Dret a sol\u00b7licitar-ne la rectificaci\u00f3<\/li>\n\n\n\n<li>Dret a sol\u00b7licitar-ne la supressi\u00f3. <\/li>\n\n\n\n<li>Dret a sol\u00b7licitar la limitaci\u00f3 del tractament. <\/li>\n\n\n\n<li>Dret a oposar-se al tractament. <\/li>\n\n\n\n<li>Dret a la portabilitat de les dades<\/li>\n\n\n\n<li>Dret a no ser objecte de decisions basades \u00fanicament en el tractament automatitzat de les vostres dades. <\/li>\n\n\n\n<li>Dret a retirar el consentiment en qualsevol moment<\/li>\n<\/ul>\n\n<p>Vost\u00e8 podr\u00e0 exercitar els seus drets mitjan\u00e7ant escrit a C\/Ulisses, 16-18 28043 Madrid o enviant un correu electr\u00f2nic a dpo@domusvi.es. En cas que actu\u00e9s mitjan\u00e7ant representant, legal o voluntari, haur\u00e0 d&#8217;aportar tamb\u00e9 document que n&#8217;acrediti la representaci\u00f3 i el document identificatiu. <\/p>\n\n<p>Aix\u00ed mateix, en cas de considerar vulnerat el dret a la protecci\u00f3 de dades personals, podr\u00e0 presentar una reclamaci\u00f3 davant de l&#8217;Ag\u00e8ncia Espanyola de Protecci\u00f3 de Dades (www.aepd.es). (<a href=\"http:\/\/www.agpd.es\/\" target=\"_blank\" rel=\"noreferrer noopener\">www.aepd.es<\/a>). <\/p>\n","protected":false},"excerpt":{"rendered":"<p>A DomusVi estem compromesos amb la protecci\u00f3 de la privadesa i l&#8217;\u00fas correcte de les dades personals \u00c9s per aix\u00f2 que, aquesta Pol\u00edtica de Privadesa t\u00e9 com a objecte informar sobre el tractament de dades de car\u00e0cter personal que, DomusVi, efectua en aquest lloc web i en qualsevol dels seus subdominis. Abans de facilitar qualsevol [&hellip;]<\/p>\n","protected":false},"author":2,"featured_media":0,"parent":0,"menu_order":0,"comment_status":"closed","ping_status":"closed","template":"","meta":{"_acf_changed":false,"footnotes":""},"class_list":["post-377","page","type-page","status-publish","hentry"],"acf":[],"yoast_head":"<!-- This site is optimized with the Yoast SEO plugin v27.4 - https:\/\/yoast.com\/product\/yoast-seo-wordpress\/ -->\n<title>Pol\u00edtica de privacitat - Teleasistencia<\/title>\n<meta name=\"robots\" content=\"index, follow, max-snippet:-1, max-image-preview:large, max-video-preview:-1\" \/>\n<link rel=\"canonical\" href=\"https:\/\/teleasistencia.domusvi.es\/ca\/politica-de-privacitat\/\" \/>\n<meta property=\"og:locale\" content=\"ca_ES\" \/>\n<meta property=\"og:type\" content=\"article\" \/>\n<meta property=\"og:title\" content=\"Pol\u00edtica de privacitat - Teleasistencia\" \/>\n<meta property=\"og:description\" content=\"A DomusVi estem compromesos amb la protecci\u00f3 de la privadesa i l&#8217;\u00fas correcte de les dades personals \u00c9s per aix\u00f2 que, aquesta Pol\u00edtica de Privadesa t\u00e9 com a objecte informar sobre el tractament de dades de car\u00e0cter personal que, DomusVi, efectua en aquest lloc web i en qualsevol dels seus subdominis. Abans de facilitar qualsevol [&hellip;]\" \/>\n<meta property=\"og:url\" content=\"https:\/\/teleasistencia.domusvi.es\/ca\/politica-de-privacitat\/\" \/>\n<meta property=\"og:site_name\" content=\"Teleasistencia\" \/>\n<meta property=\"article:modified_time\" content=\"2026-01-13T08:56:37+00:00\" \/>\n<meta name=\"twitter:card\" content=\"summary_large_image\" \/>\n<meta name=\"twitter:label1\" content=\"Temps estimat de lectura\" \/>\n\t<meta name=\"twitter:data1\" content=\"5 minuts\" \/>\n<script type=\"application\/ld+json\" class=\"yoast-schema-graph\">{\"@context\":\"https:\\\/\\\/schema.org\",\"@graph\":[{\"@type\":\"WebPage\",\"@id\":\"https:\\\/\\\/teleasistencia.domusvi.es\\\/ca\\\/politica-de-privacitat\\\/\",\"url\":\"https:\\\/\\\/teleasistencia.domusvi.es\\\/ca\\\/politica-de-privacitat\\\/\",\"name\":\"Pol\u00edtica de privacitat - Teleasistencia\",\"isPartOf\":{\"@id\":\"https:\\\/\\\/teleasistencia.domusvi.es\\\/ca\\\/#website\"},\"datePublished\":\"2025-09-02T09:58:36+00:00\",\"dateModified\":\"2026-01-13T08:56:37+00:00\",\"breadcrumb\":{\"@id\":\"https:\\\/\\\/teleasistencia.domusvi.es\\\/ca\\\/politica-de-privacitat\\\/#breadcrumb\"},\"inLanguage\":\"ca\",\"potentialAction\":[{\"@type\":\"ReadAction\",\"target\":[\"https:\\\/\\\/teleasistencia.domusvi.es\\\/ca\\\/politica-de-privacitat\\\/\"]}]},{\"@type\":\"BreadcrumbList\",\"@id\":\"https:\\\/\\\/teleasistencia.domusvi.es\\\/ca\\\/politica-de-privacitat\\\/#breadcrumb\",\"itemListElement\":[{\"@type\":\"ListItem\",\"position\":1,\"name\":\"Portada\",\"item\":\"https:\\\/\\\/teleasistencia.domusvi.es\\\/ca\\\/\"},{\"@type\":\"ListItem\",\"position\":2,\"name\":\"Pol\u00edtica de privacitat\"}]},{\"@type\":\"WebSite\",\"@id\":\"https:\\\/\\\/teleasistencia.domusvi.es\\\/ca\\\/#website\",\"url\":\"https:\\\/\\\/teleasistencia.domusvi.es\\\/ca\\\/\",\"name\":\"Teleasistencia\",\"description\":\"\",\"publisher\":{\"@id\":\"https:\\\/\\\/teleasistencia.domusvi.es\\\/ca\\\/#organization\"},\"potentialAction\":[{\"@type\":\"SearchAction\",\"target\":{\"@type\":\"EntryPoint\",\"urlTemplate\":\"https:\\\/\\\/teleasistencia.domusvi.es\\\/ca\\\/?s={search_term_string}\"},\"query-input\":{\"@type\":\"PropertyValueSpecification\",\"valueRequired\":true,\"valueName\":\"search_term_string\"}}],\"inLanguage\":\"ca\"},{\"@type\":\"Organization\",\"@id\":\"https:\\\/\\\/teleasistencia.domusvi.es\\\/ca\\\/#organization\",\"name\":\"DomusVi\",\"url\":\"https:\\\/\\\/teleasistencia.domusvi.es\\\/ca\\\/\",\"logo\":{\"@type\":\"ImageObject\",\"inLanguage\":\"ca\",\"@id\":\"https:\\\/\\\/teleasistencia.domusvi.es\\\/ca\\\/#\\\/schema\\\/logo\\\/image\\\/\",\"url\":\"https:\\\/\\\/teleasistencia.programando.ovh\\\/wp-content\\\/uploads\\\/2025\\\/09\\\/logo.svg\",\"contentUrl\":\"https:\\\/\\\/teleasistencia.programando.ovh\\\/wp-content\\\/uploads\\\/2025\\\/09\\\/logo.svg\",\"width\":1,\"height\":1,\"caption\":\"DomusVi\"},\"image\":{\"@id\":\"https:\\\/\\\/teleasistencia.domusvi.es\\\/ca\\\/#\\\/schema\\\/logo\\\/image\\\/\"}}]}<\/script>\n<!-- \/ Yoast SEO plugin. -->","yoast_head_json":{"title":"Pol\u00edtica de privacitat - Teleasistencia","robots":{"index":"index","follow":"follow","max-snippet":"max-snippet:-1","max-image-preview":"max-image-preview:large","max-video-preview":"max-video-preview:-1"},"canonical":"https:\/\/teleasistencia.domusvi.es\/ca\/politica-de-privacitat\/","og_locale":"ca_ES","og_type":"article","og_title":"Pol\u00edtica de privacitat - Teleasistencia","og_description":"A DomusVi estem compromesos amb la protecci\u00f3 de la privadesa i l&#8217;\u00fas correcte de les dades personals \u00c9s per aix\u00f2 que, aquesta Pol\u00edtica de Privadesa t\u00e9 com a objecte informar sobre el tractament de dades de car\u00e0cter personal que, DomusVi, efectua en aquest lloc web i en qualsevol dels seus subdominis. Abans de facilitar qualsevol [&hellip;]","og_url":"https:\/\/teleasistencia.domusvi.es\/ca\/politica-de-privacitat\/","og_site_name":"Teleasistencia","article_modified_time":"2026-01-13T08:56:37+00:00","twitter_card":"summary_large_image","twitter_misc":{"Temps estimat de lectura":"5 minuts"},"schema":{"@context":"https:\/\/schema.org","@graph":[{"@type":"WebPage","@id":"https:\/\/teleasistencia.domusvi.es\/ca\/politica-de-privacitat\/","url":"https:\/\/teleasistencia.domusvi.es\/ca\/politica-de-privacitat\/","name":"Pol\u00edtica de privacitat - Teleasistencia","isPartOf":{"@id":"https:\/\/teleasistencia.domusvi.es\/ca\/#website"},"datePublished":"2025-09-02T09:58:36+00:00","dateModified":"2026-01-13T08:56:37+00:00","breadcrumb":{"@id":"https:\/\/teleasistencia.domusvi.es\/ca\/politica-de-privacitat\/#breadcrumb"},"inLanguage":"ca","potentialAction":[{"@type":"ReadAction","target":["https:\/\/teleasistencia.domusvi.es\/ca\/politica-de-privacitat\/"]}]},{"@type":"BreadcrumbList","@id":"https:\/\/teleasistencia.domusvi.es\/ca\/politica-de-privacitat\/#breadcrumb","itemListElement":[{"@type":"ListItem","position":1,"name":"Portada","item":"https:\/\/teleasistencia.domusvi.es\/ca\/"},{"@type":"ListItem","position":2,"name":"Pol\u00edtica de privacitat"}]},{"@type":"WebSite","@id":"https:\/\/teleasistencia.domusvi.es\/ca\/#website","url":"https:\/\/teleasistencia.domusvi.es\/ca\/","name":"Teleasistencia","description":"","publisher":{"@id":"https:\/\/teleasistencia.domusvi.es\/ca\/#organization"},"potentialAction":[{"@type":"SearchAction","target":{"@type":"EntryPoint","urlTemplate":"https:\/\/teleasistencia.domusvi.es\/ca\/?s={search_term_string}"},"query-input":{"@type":"PropertyValueSpecification","valueRequired":true,"valueName":"search_term_string"}}],"inLanguage":"ca"},{"@type":"Organization","@id":"https:\/\/teleasistencia.domusvi.es\/ca\/#organization","name":"DomusVi","url":"https:\/\/teleasistencia.domusvi.es\/ca\/","logo":{"@type":"ImageObject","inLanguage":"ca","@id":"https:\/\/teleasistencia.domusvi.es\/ca\/#\/schema\/logo\/image\/","url":"https:\/\/teleasistencia.programando.ovh\/wp-content\/uploads\/2025\/09\/logo.svg","contentUrl":"https:\/\/teleasistencia.programando.ovh\/wp-content\/uploads\/2025\/09\/logo.svg","width":1,"height":1,"caption":"DomusVi"},"image":{"@id":"https:\/\/teleasistencia.domusvi.es\/ca\/#\/schema\/logo\/image\/"}}]}},"_links":{"self":[{"href":"https:\/\/teleasistencia.domusvi.es\/ca\/wp-json\/wp\/v2\/pages\/377","targetHints":{"allow":["GET"]}}],"collection":[{"href":"https:\/\/teleasistencia.domusvi.es\/ca\/wp-json\/wp\/v2\/pages"}],"about":[{"href":"https:\/\/teleasistencia.domusvi.es\/ca\/wp-json\/wp\/v2\/types\/page"}],"author":[{"embeddable":true,"href":"https:\/\/teleasistencia.domusvi.es\/ca\/wp-json\/wp\/v2\/users\/2"}],"replies":[{"embeddable":true,"href":"https:\/\/teleasistencia.domusvi.es\/ca\/wp-json\/wp\/v2\/comments?post=377"}],"version-history":[{"count":0,"href":"https:\/\/teleasistencia.domusvi.es\/ca\/wp-json\/wp\/v2\/pages\/377\/revisions"}],"wp:attachment":[{"href":"https:\/\/teleasistencia.domusvi.es\/ca\/wp-json\/wp\/v2\/media?parent=377"}],"curies":[{"name":"wp","href":"https:\/\/api.w.org\/{rel}","templated":true}]}}