{"id":378,"date":"2025-09-02T09:58:55","date_gmt":"2025-09-02T09:58:55","guid":{"rendered":"https:\/\/teleasistencia.domusvi.es\/politica-de-galetes\/"},"modified":"2026-01-13T08:33:36","modified_gmt":"2026-01-13T08:33:36","slug":"politica-de-galetes","status":"publish","type":"page","link":"https:\/\/teleasistencia.domusvi.es\/ca\/politica-de-galetes\/","title":{"rendered":"Pol\u00edtica de cookies"},"content":{"rendered":"\n<p><\/p>\n\n<p><\/p>\n\n<p><\/p>\n\n<p><strong>Benvingut a DomusVi Gesti\u00f3 del consentiment!<\/strong><\/p>\n\n<p>Nosaltres i els nostres socis col\u00b7loquem cookies, accedim i fem servir informaci\u00f3 no sensible del dispositiu per millorar els nostres productes i personalitzar anuncis i altres continguts en aquest lloc web. Vost\u00e8 pot acceptar totes o part daquestes operacions. Per obtenir m\u00e9s informaci\u00f3 sobre les cookies, els socis i com fem servir les seves dades, per revisar les seves opcions o aquestes operacions per a cada soci, visiteu la nostra pol\u00edtica de privadesa.  <br\/><br\/><br\/><\/p>\n\n<p><strong>Vost\u00e8 permet<\/strong><\/p>\n\n<p><strong>+Medici\u00f3 d&#8217;Audi\u00e8ncia<\/strong><\/p>\n\n<p><strong>Rebutjar Acceptar<\/strong><\/p>\n\n<p><strong>+Publicitat<\/strong><\/p>\n\n<p><strong>Rebutjar Acceptar<\/strong><\/p>\n\n<p><strong>+Funcionalitat i Personalitzaci\u00f3<\/strong><\/p>\n\n<p><strong>Rebutjar Acceptar<\/strong><\/p>\n\n<p>Si d\u00f3nes el teu consentiment per als fins anteriors, tamb\u00e9 permets que aquest lloc web i els seus socis operin el processament de les dades seg\u00fcents: Confrontaci\u00f3 i combinaci\u00f3 de dades procedents d&#8217;altres fonts d&#8217;informaci\u00f3, Garantir la seguretat, evitar i detectar fraus, i eliminar errors, Guardar i comunicar les prefer\u00e8ncies de privadesa, Oferir i presentar publicitat i contingut, , i vincular diferents dispositius.<\/p>\n","protected":false},"excerpt":{"rendered":"<p>Benvingut a DomusVi Gesti\u00f3 del consentiment! Nosaltres i els nostres socis col\u00b7loquem cookies, accedim i fem servir informaci\u00f3 no sensible del dispositiu per millorar els nostres productes i personalitzar anuncis i altres continguts en aquest lloc web. Vost\u00e8 pot acceptar totes o part daquestes operacions. Per obtenir m\u00e9s informaci\u00f3 sobre les cookies, els socis i [&hellip;]<\/p>\n","protected":false},"author":2,"featured_media":0,"parent":0,"menu_order":0,"comment_status":"closed","ping_status":"closed","template":"","meta":{"_acf_changed":false,"footnotes":""},"class_list":["post-378","page","type-page","status-publish","hentry"],"acf":[],"yoast_head":"<!-- This site is optimized with the Yoast SEO plugin v27.4 - https:\/\/yoast.com\/product\/yoast-seo-wordpress\/ -->\n<title>Pol\u00edtica de cookies - Teleasistencia<\/title>\n<meta name=\"robots\" content=\"index, follow, max-snippet:-1, max-image-preview:large, max-video-preview:-1\" \/>\n<link rel=\"canonical\" href=\"https:\/\/teleasistencia.domusvi.es\/ca\/politica-de-galetes\/\" \/>\n<meta property=\"og:locale\" content=\"ca_ES\" \/>\n<meta property=\"og:type\" content=\"article\" \/>\n<meta property=\"og:title\" content=\"Pol\u00edtica de cookies - Teleasistencia\" \/>\n<meta property=\"og:description\" content=\"Benvingut a DomusVi Gesti\u00f3 del consentiment! Nosaltres i els nostres socis col\u00b7loquem cookies, accedim i fem servir informaci\u00f3 no sensible del dispositiu per millorar els nostres productes i personalitzar anuncis i altres continguts en aquest lloc web. Vost\u00e8 pot acceptar totes o part daquestes operacions. Per obtenir m\u00e9s informaci\u00f3 sobre les cookies, els socis i [&hellip;]\" \/>\n<meta property=\"og:url\" content=\"https:\/\/teleasistencia.domusvi.es\/ca\/politica-de-galetes\/\" \/>\n<meta property=\"og:site_name\" content=\"Teleasistencia\" \/>\n<meta property=\"article:modified_time\" content=\"2026-01-13T08:33:36+00:00\" \/>\n<meta name=\"twitter:card\" content=\"summary_large_image\" \/>\n<meta name=\"twitter:label1\" content=\"Temps estimat de lectura\" \/>\n\t<meta name=\"twitter:data1\" content=\"1 minut\" \/>\n<script type=\"application\/ld+json\" class=\"yoast-schema-graph\">{\"@context\":\"https:\\\/\\\/schema.org\",\"@graph\":[{\"@type\":\"WebPage\",\"@id\":\"https:\\\/\\\/teleasistencia.domusvi.es\\\/ca\\\/politica-de-galetes\\\/\",\"url\":\"https:\\\/\\\/teleasistencia.domusvi.es\\\/ca\\\/politica-de-galetes\\\/\",\"name\":\"Pol\u00edtica de cookies - Teleasistencia\",\"isPartOf\":{\"@id\":\"https:\\\/\\\/teleasistencia.domusvi.es\\\/ca\\\/#website\"},\"datePublished\":\"2025-09-02T09:58:55+00:00\",\"dateModified\":\"2026-01-13T08:33:36+00:00\",\"breadcrumb\":{\"@id\":\"https:\\\/\\\/teleasistencia.domusvi.es\\\/ca\\\/politica-de-galetes\\\/#breadcrumb\"},\"inLanguage\":\"ca\",\"potentialAction\":[{\"@type\":\"ReadAction\",\"target\":[\"https:\\\/\\\/teleasistencia.domusvi.es\\\/ca\\\/politica-de-galetes\\\/\"]}]},{\"@type\":\"BreadcrumbList\",\"@id\":\"https:\\\/\\\/teleasistencia.domusvi.es\\\/ca\\\/politica-de-galetes\\\/#breadcrumb\",\"itemListElement\":[{\"@type\":\"ListItem\",\"position\":1,\"name\":\"Portada\",\"item\":\"https:\\\/\\\/teleasistencia.domusvi.es\\\/ca\\\/\"},{\"@type\":\"ListItem\",\"position\":2,\"name\":\"Pol\u00edtica de cookies\"}]},{\"@type\":\"WebSite\",\"@id\":\"https:\\\/\\\/teleasistencia.domusvi.es\\\/ca\\\/#website\",\"url\":\"https:\\\/\\\/teleasistencia.domusvi.es\\\/ca\\\/\",\"name\":\"Teleasistencia\",\"description\":\"\",\"publisher\":{\"@id\":\"https:\\\/\\\/teleasistencia.domusvi.es\\\/ca\\\/#organization\"},\"potentialAction\":[{\"@type\":\"SearchAction\",\"target\":{\"@type\":\"EntryPoint\",\"urlTemplate\":\"https:\\\/\\\/teleasistencia.domusvi.es\\\/ca\\\/?s={search_term_string}\"},\"query-input\":{\"@type\":\"PropertyValueSpecification\",\"valueRequired\":true,\"valueName\":\"search_term_string\"}}],\"inLanguage\":\"ca\"},{\"@type\":\"Organization\",\"@id\":\"https:\\\/\\\/teleasistencia.domusvi.es\\\/ca\\\/#organization\",\"name\":\"DomusVi\",\"url\":\"https:\\\/\\\/teleasistencia.domusvi.es\\\/ca\\\/\",\"logo\":{\"@type\":\"ImageObject\",\"inLanguage\":\"ca\",\"@id\":\"https:\\\/\\\/teleasistencia.domusvi.es\\\/ca\\\/#\\\/schema\\\/logo\\\/image\\\/\",\"url\":\"https:\\\/\\\/teleasistencia.programando.ovh\\\/wp-content\\\/uploads\\\/2025\\\/09\\\/logo.svg\",\"contentUrl\":\"https:\\\/\\\/teleasistencia.programando.ovh\\\/wp-content\\\/uploads\\\/2025\\\/09\\\/logo.svg\",\"width\":1,\"height\":1,\"caption\":\"DomusVi\"},\"image\":{\"@id\":\"https:\\\/\\\/teleasistencia.domusvi.es\\\/ca\\\/#\\\/schema\\\/logo\\\/image\\\/\"}}]}<\/script>\n<!-- \/ Yoast SEO plugin. -->","yoast_head_json":{"title":"Pol\u00edtica de cookies - Teleasistencia","robots":{"index":"index","follow":"follow","max-snippet":"max-snippet:-1","max-image-preview":"max-image-preview:large","max-video-preview":"max-video-preview:-1"},"canonical":"https:\/\/teleasistencia.domusvi.es\/ca\/politica-de-galetes\/","og_locale":"ca_ES","og_type":"article","og_title":"Pol\u00edtica de cookies - Teleasistencia","og_description":"Benvingut a DomusVi Gesti\u00f3 del consentiment! Nosaltres i els nostres socis col\u00b7loquem cookies, accedim i fem servir informaci\u00f3 no sensible del dispositiu per millorar els nostres productes i personalitzar anuncis i altres continguts en aquest lloc web. Vost\u00e8 pot acceptar totes o part daquestes operacions. Per obtenir m\u00e9s informaci\u00f3 sobre les cookies, els socis i [&hellip;]","og_url":"https:\/\/teleasistencia.domusvi.es\/ca\/politica-de-galetes\/","og_site_name":"Teleasistencia","article_modified_time":"2026-01-13T08:33:36+00:00","twitter_card":"summary_large_image","twitter_misc":{"Temps estimat de lectura":"1 minut"},"schema":{"@context":"https:\/\/schema.org","@graph":[{"@type":"WebPage","@id":"https:\/\/teleasistencia.domusvi.es\/ca\/politica-de-galetes\/","url":"https:\/\/teleasistencia.domusvi.es\/ca\/politica-de-galetes\/","name":"Pol\u00edtica de cookies - Teleasistencia","isPartOf":{"@id":"https:\/\/teleasistencia.domusvi.es\/ca\/#website"},"datePublished":"2025-09-02T09:58:55+00:00","dateModified":"2026-01-13T08:33:36+00:00","breadcrumb":{"@id":"https:\/\/teleasistencia.domusvi.es\/ca\/politica-de-galetes\/#breadcrumb"},"inLanguage":"ca","potentialAction":[{"@type":"ReadAction","target":["https:\/\/teleasistencia.domusvi.es\/ca\/politica-de-galetes\/"]}]},{"@type":"BreadcrumbList","@id":"https:\/\/teleasistencia.domusvi.es\/ca\/politica-de-galetes\/#breadcrumb","itemListElement":[{"@type":"ListItem","position":1,"name":"Portada","item":"https:\/\/teleasistencia.domusvi.es\/ca\/"},{"@type":"ListItem","position":2,"name":"Pol\u00edtica de cookies"}]},{"@type":"WebSite","@id":"https:\/\/teleasistencia.domusvi.es\/ca\/#website","url":"https:\/\/teleasistencia.domusvi.es\/ca\/","name":"Teleasistencia","description":"","publisher":{"@id":"https:\/\/teleasistencia.domusvi.es\/ca\/#organization"},"potentialAction":[{"@type":"SearchAction","target":{"@type":"EntryPoint","urlTemplate":"https:\/\/teleasistencia.domusvi.es\/ca\/?s={search_term_string}"},"query-input":{"@type":"PropertyValueSpecification","valueRequired":true,"valueName":"search_term_string"}}],"inLanguage":"ca"},{"@type":"Organization","@id":"https:\/\/teleasistencia.domusvi.es\/ca\/#organization","name":"DomusVi","url":"https:\/\/teleasistencia.domusvi.es\/ca\/","logo":{"@type":"ImageObject","inLanguage":"ca","@id":"https:\/\/teleasistencia.domusvi.es\/ca\/#\/schema\/logo\/image\/","url":"https:\/\/teleasistencia.programando.ovh\/wp-content\/uploads\/2025\/09\/logo.svg","contentUrl":"https:\/\/teleasistencia.programando.ovh\/wp-content\/uploads\/2025\/09\/logo.svg","width":1,"height":1,"caption":"DomusVi"},"image":{"@id":"https:\/\/teleasistencia.domusvi.es\/ca\/#\/schema\/logo\/image\/"}}]}},"_links":{"self":[{"href":"https:\/\/teleasistencia.domusvi.es\/ca\/wp-json\/wp\/v2\/pages\/378","targetHints":{"allow":["GET"]}}],"collection":[{"href":"https:\/\/teleasistencia.domusvi.es\/ca\/wp-json\/wp\/v2\/pages"}],"about":[{"href":"https:\/\/teleasistencia.domusvi.es\/ca\/wp-json\/wp\/v2\/types\/page"}],"author":[{"embeddable":true,"href":"https:\/\/teleasistencia.domusvi.es\/ca\/wp-json\/wp\/v2\/users\/2"}],"replies":[{"embeddable":true,"href":"https:\/\/teleasistencia.domusvi.es\/ca\/wp-json\/wp\/v2\/comments?post=378"}],"version-history":[{"count":0,"href":"https:\/\/teleasistencia.domusvi.es\/ca\/wp-json\/wp\/v2\/pages\/378\/revisions"}],"wp:attachment":[{"href":"https:\/\/teleasistencia.domusvi.es\/ca\/wp-json\/wp\/v2\/media?parent=378"}],"curies":[{"name":"wp","href":"https:\/\/api.w.org\/{rel}","templated":true}]}}