{"id":380,"date":"2025-09-02T09:58:44","date_gmt":"2025-09-02T09:58:44","guid":{"rendered":"https:\/\/teleasistencia.domusvi.es\/avis-legal\/"},"modified":"2026-01-13T08:33:12","modified_gmt":"2026-01-13T08:33:12","slug":"avis-legal","status":"publish","type":"page","link":"https:\/\/teleasistencia.domusvi.es\/ca\/avis-legal\/","title":{"rendered":"Av\u00eds legal"},"content":{"rendered":"\n<p><\/p>\n\n<p><\/p>\n\n<p><\/p>\n\n<p><\/p>\n\n<p>Amb la finalitat de donar compliment a l&#8217;article 10 de la Llei 34\/2002 de Serveis de la Societat de la Informaci\u00f3 i Comer\u00e7 Electr\u00f2nic, informem l&#8217;usuari de les nostres dades:<\/p>\n\n<figure class=\"wp-block-table\"><table class=\"has-fixed-layout\"><tbody><tr><td colspan=\"2\"><strong>DOMUSVI<\/strong><\/td><\/tr><tr><td><strong>Denominaci\u00f3 Social<\/strong><\/td><td>Quavitae Servicios Asistenciales SAU<\/td><\/tr><tr><td><strong>NIF<\/strong><\/td><td>A80106842<\/td><\/tr><tr><td><strong>Domicili Social<\/strong><\/td><td>C\/Ulises, 16-18 28043 MADRID<\/td><\/tr><tr><td><strong>Correu electr\u00f2nic<\/strong><\/td><td>dpo@domusvi.es<\/td><\/tr><tr><td><strong>Tel\u00e8fon<\/strong><\/td><td>  900 10 44 24<\/td><\/tr><tr><td><strong>Dades d&#8217;inscripci\u00f3 al registre mercantil<\/strong><\/td><td>Registre mercantil de Madrid, el 19 de desembre de 1991<\/td><\/tr><\/tbody><\/table><\/figure>\n\n<p><strong>Condicions generals d&#8217;\u00fas dels portals de DomusVi<\/strong><\/p>\n\n<p>Els noms de domini www.teleasistencia.domusvi.es s\u00f3n titularitat de DomusVi i el seu \u00fas exclusiu est\u00e0 reservat a aquest. <\/p>\n\n<p>El portal oficial de Teleassist\u00e8ncia \u00e9s www.domusvi.es i t\u00e9 per objecte facilitar al p\u00fablic, en general, el coneixement de les activitats que aquesta empresa realitza i dels serveis que presta per a teleassist\u00e8ncia. <\/p>\n\n<p>L&#8217;\u00fas de qualsevol d&#8217;aquests llocs web implica l&#8217;acceptaci\u00f3 expressa i plena de les condicions aqu\u00ed exposades, sens perjudici d&#8217;aquelles particulars que es puguin aplicar a alguns dels serveis concrets oferts a trav\u00e9s del lloc web <\/p>\n\n<p>DomusVi es reserva la facultat d&#8217;efectuar, en qualsevol moment i sense necessitat de previ av\u00eds, modificacions i actualitzacions de la informaci\u00f3 continguda a la seva Web oa la configuraci\u00f3 i presentaci\u00f3 d&#8217;aquesta. <\/p>\n\n<p>A fi de mantenir actualitzada la informaci\u00f3 publicada als portals, els continguts d&#8217;aquest podran ser modificats, corregits, eliminats o afegits en qualsevol moment, per la qual cosa ser\u00e0 convenient comprovar-ne la vig\u00e8ncia o exactitud acudint a les fonts oficials. <\/p>\n\n<p><strong>Propietat intel\u00b7lectual i industrial<\/strong><\/p>\n\n<p>Tots els elements que formen el lloc web, aix\u00ed com la seva estructura, disseny, codi font, aix\u00ed com els logos, marques i altres signes distintius que hi apareixen, s\u00f3n titularitat de DomusVi, i estan protegits pels corresponents drets de propietat intel\u00b7lectual i industrial. <\/p>\n\n<p>Igualment estan protegits pels corresponents drets de propietat intel\u00b7lectual i industrial les imatges i altres elements gr\u00e0fics continguts als portals. <\/p>\n\n<p>L&#8217;\u00fas dels continguts haur\u00e0 de respectar-ne el llicenciament particular. De tal manera el seu \u00fas, reproducci\u00f3, distribuci\u00f3, comunicaci\u00f3 p\u00fablica, transformaci\u00f3 o qualsevol altra activitat similar o an\u00e0loga, queda totalment prohibida llevat que hi hagi pr\u00e8via i expressa autoritzaci\u00f3 de DomusVi.  <\/p>\n\n<p>DomusVi autoritza la reproducci\u00f3 total o parcial dels textos i continguts proporcionats pel portal, sempre que hi concorrin totes i cadascuna de les condicions seg\u00fcents: <\/p>\n\n<ul class=\"wp-block-list\">\n<li>\u2022 Es mantingui la integritat dels continguts, documents o gr\u00e0fics. <\/li>\n\n\n\n<li>\u2022 Es citi expressament DomusVi com a font i origen d&#8217;aquells. <\/li>\n\n\n\n<li>\u2022 El prop\u00f2sit i la finalitat de tal \u00fas sigui compatible amb les finalitats del Web i\/o l&#8217;activitat de DomusVi. <\/li>\n\n\n\n<li>\u2022 No se&#8217;n pretengui un \u00fas comercial, quedant expressament prohibides la seva distribuci\u00f3, comunicaci\u00f3 p\u00fablica, transformaci\u00f3 o descompilaci\u00f3. <\/li>\n<\/ul>\n\n<p>Qualsevol altre \u00fas haur\u00e0 de ser comunicat i autoritzat per DomusVi, pr\u00e8viament i expressament. <\/p>\n\n<p>Respecte a les cites de productes i serveis de tercers, DomusVi reconeix a favor dels seus titulars els corresponents drets de propietat industrial i intel\u00b7lectual, i no implica la seva sola menci\u00f3 o aparici\u00f3 a la Web l&#8217;exist\u00e8ncia de drets ni de cap responsabilitat sobre aquests, com tampoc suport, patrocini o recomanaci\u00f3. <\/p>\n\n<p>DomusVi declara el respecte als drets de propietat intel\u00b7lectual i industrial de tercers; per aix\u00f2, si considereu que els nostres portals poguessin estar violant els seus drets, preguem es posi en contacte amb DomusVi. <\/p>\n\n<p><strong>Responsabilitat<\/strong><\/p>\n\n<p>DomusVi no garanteix la inexist\u00e8ncia d&#8217;errors en l&#8217;acc\u00e9s a la Web, en el seu contingut, ni que aquest estigui actualitzat, encara que DomusVi desenvolupar\u00e0 els seus millors esfor\u00e7os per, si escau, evitar-los, esmenar-los o actualitzar-los. <\/p>\n\n<p>Tant l&#8217;acc\u00e9s als portals de DomusVi com l&#8217;\u00fas que es pugui fer de la informaci\u00f3 continguda en aquests \u00e9s de la responsabilitat exclusiva de qui el realitza. <\/p>\n\n<p>DomusVi no es fa responsable dels possibles errors de seguretat que es puguin produir ni dels possibles danys que puguin causar-se al sistema inform\u00e0tic de l&#8217;Usuari (hardware i software), els fitxers o documents emmagatzemats en aquest, com a conseq\u00fc\u00e8ncia de la pres\u00e8ncia de virus a l&#8217;ordinador de l&#8217;Usuari utilitzat per a la connexi\u00f3 als serveis i continguts de la Web, d&#8217;un mal funcionament del navegador o de l&#8217;\u00fas de versions no actualitzades del mateix.. <\/p>\n\n<p>DomusVi no es fa responsable de la informaci\u00f3 i continguts emmagatzemats, a t\u00edtol enunciatiu per\u00f2 no limitatiu, en f\u00f2rums, xats, blocs, comentaris, xarxes socials o qualsevol altre mitj\u00e0 que permeti a tercers publicar continguts de forma independent a la p\u00e0gina web de DomusVi. <\/p>\n\n<p>Aix\u00f2 no obstant, i en compliment del que disposa la LSSI, DomusVi es posa a disposici\u00f3 de tots els usuaris, autoritats i forces de seguretat, i col\u00b7laborant de forma activa en la retirada o si \u00e9s el cas bloqueig de tots aquells continguts que poguessin afectar o contravenir la legislaci\u00f3 nacional, o internacional, drets de tercers o la moral i l&#8217;ordre p\u00fablic. En cas que l&#8217;usuari consideri que hi ha al lloc web algun contingut que pogu\u00e9s ser susceptible d&#8217;aquesta classificaci\u00f3, preguem que us poseu en contacte amb DomusVi.  <\/p>\n\n<p>DomusVi no es responsabilitza de les contestacions que es facin a trav\u00e9s de les diferents adreces de correu electr\u00f2nic que apareixen al seu portal, per la qual cosa en cap cas no se&#8217;n podr\u00e0 derivar efecte jur\u00eddic vinculant.<\/p>\n\n<p><strong>Links o hiperenlla\u00e7os<\/strong><\/p>\n\n<p>Els enlla\u00e7os continguts als nostres portals poden adre\u00e7ar a continguts Web de tercers. L&#8217;objectiu d&#8217;aquests enlla\u00e7os \u00e9s \u00fanicament facilitar-vos la cerca dels recursos que us puguin interessar a trav\u00e9s d&#8217;Internet. No obstant aix\u00f2, aquestes p\u00e0gines no pertanyen a DomusVi, ni fa una revisi\u00f3 dels seus continguts i, per aix\u00f2, DomusVi no assumeix cap responsabilitat pel contingut, informacions o serveis que poguessin apar\u00e8ixer en aquests llocs, que tindran exclusivament car\u00e0cter informatiu i que en cap cas impliquen cap relaci\u00f3 entre DomusVi i les persones o entitats titulars de tals continguts o titulars dels llocs on. DomusVi tampoc no es pot fer responsable del funcionament de la p\u00e0gina enlla\u00e7ada o dels possibles danys que puguin derivar-se de l&#8217;acc\u00e9s o \u00fas d&#8217;aquesta.    <\/p>\n\n<p>Els enlla\u00e7os a les webs de DomusVi hauran de respectar les condicions seg\u00fcents: <\/p>\n\n<ol start=\"1\" class=\"wp-block-list\">\n<li>L&#8217;establiment de l&#8217;enlla\u00e7 no suposa cap tipus d&#8217;acord, contracte, patrocini ni recomanaci\u00f3 per part de DomusVi de la p\u00e0gina que fa l&#8217;enlla\u00e7. <\/li>\n\n\n\n<li>La p\u00e0gina web on s&#8217;estableixi l&#8217;hiperenlla\u00e7 no contindr\u00e0 informacions amb continguts que siguin il\u00b7l\u00edcits, discriminatoris, contraris als principis \u00e8tics comunament acceptats o atemptin contra l&#8217;ordre p\u00fablic, aix\u00ed com tampoc contindr\u00e0 continguts contraris a qualsevol dret de tercers. <\/li>\n\n\n\n<li>DomusVi podr\u00e0 sol\u00b7licitar que es retiri un enlla\u00e7 a la seva web, sense necessitat d&#8217;al\u00b7legar cap causa. En aquest cas, la p\u00e0gina que hagi realitzat l&#8217;enlla\u00e7 haur\u00e0 de procedir a suprimir-la immediatament, tan aviat com rebi la notificaci\u00f3 DomusVi. <\/li>\n\n\n\n<li>No es responsabilitza de cap manera ni garanteix la qualitat, exactitud, fiabilitat, correcci\u00f3 o moralitat de continguts o serveis que l&#8217;establiment de l&#8217;hiperenlla\u00e7 pugui oferir. L&#8217;usuari assumeix sota la seva responsabilitat exclusiva les conseq\u00fc\u00e8ncies, danys o accions que es puguin derivar de l&#8217;acc\u00e9s a la p\u00e0gina web de l&#8217;hiperenlla\u00e7. <\/li>\n\n\n\n<li>La p\u00e0gina web on s&#8217;estableixi l&#8217;hiperenlla\u00e7 no podr\u00e0 contenir marca, denominaci\u00f3, logotip, esl\u00f2gan o altres signes distintius pertanyents a DomusVi excepte aquells signes que formen part del mateix hiperenlla\u00e7. <\/li>\n<\/ol>\n\n<p><strong>Llei aplicable i jurisdicci\u00f3<\/strong><\/p>\n\n<p>La llei aplicable en cas de disputa o conflicte dinterpretaci\u00f3 dels termes que conformen aquest Av\u00eds Legal, aix\u00ed com qualsevol q\u00fcesti\u00f3 relacionada amb els serveis del present Portal, ser\u00e0 la llei espanyola. <\/p>\n\n<p>Per a la resoluci\u00f3 de qualsevol conflicte que pugui sorgir en ocasi\u00f3 de la visita al Portal o de l&#8217;\u00fas dels serveis que s&#8217;hi puguin oferir, DomusVi i l&#8217;Usuari acorden sotmetre&#8217;s als Jutges i Tribunals de Madrid, Espanya. <\/p>\n","protected":false},"excerpt":{"rendered":"<p>Amb la finalitat de donar compliment a l&#8217;article 10 de la Llei 34\/2002 de Serveis de la Societat de la Informaci\u00f3 i Comer\u00e7 Electr\u00f2nic, informem l&#8217;usuari de les nostres dades: DOMUSVI Denominaci\u00f3 Social Quavitae Servicios Asistenciales SAU NIF A80106842 Domicili Social C\/Ulises, 16-18 28043 MADRID Correu electr\u00f2nic dpo@domusvi.es Tel\u00e8fon 900 10 44 24 Dades d&#8217;inscripci\u00f3 [&hellip;]<\/p>\n","protected":false},"author":2,"featured_media":0,"parent":0,"menu_order":0,"comment_status":"closed","ping_status":"closed","template":"","meta":{"_acf_changed":false,"footnotes":""},"class_list":["post-380","page","type-page","status-publish","hentry"],"acf":[],"yoast_head":"<!-- This site is optimized with the Yoast SEO plugin v27.4 - https:\/\/yoast.com\/product\/yoast-seo-wordpress\/ -->\n<title>Av\u00eds legal - Teleasistencia<\/title>\n<meta name=\"robots\" content=\"index, follow, max-snippet:-1, max-image-preview:large, max-video-preview:-1\" \/>\n<link rel=\"canonical\" href=\"https:\/\/teleasistencia.domusvi.es\/ca\/avis-legal\/\" \/>\n<meta property=\"og:locale\" content=\"ca_ES\" \/>\n<meta property=\"og:type\" content=\"article\" \/>\n<meta property=\"og:title\" content=\"Av\u00eds legal - Teleasistencia\" \/>\n<meta property=\"og:description\" content=\"Amb la finalitat de donar compliment a l&#8217;article 10 de la Llei 34\/2002 de Serveis de la Societat de la Informaci\u00f3 i Comer\u00e7 Electr\u00f2nic, informem l&#8217;usuari de les nostres dades: DOMUSVI Denominaci\u00f3 Social Quavitae Servicios Asistenciales SAU NIF A80106842 Domicili Social C\/Ulises, 16-18 28043 MADRID Correu electr\u00f2nic dpo@domusvi.es Tel\u00e8fon 900 10 44 24 Dades d&#8217;inscripci\u00f3 [&hellip;]\" \/>\n<meta property=\"og:url\" content=\"https:\/\/teleasistencia.domusvi.es\/ca\/avis-legal\/\" \/>\n<meta property=\"og:site_name\" content=\"Teleasistencia\" \/>\n<meta property=\"article:modified_time\" content=\"2026-01-13T08:33:12+00:00\" \/>\n<meta name=\"twitter:card\" content=\"summary_large_image\" \/>\n<meta name=\"twitter:label1\" content=\"Temps estimat de lectura\" \/>\n\t<meta name=\"twitter:data1\" content=\"6 minuts\" \/>\n<script type=\"application\/ld+json\" class=\"yoast-schema-graph\">{\"@context\":\"https:\\\/\\\/schema.org\",\"@graph\":[{\"@type\":\"WebPage\",\"@id\":\"https:\\\/\\\/teleasistencia.domusvi.es\\\/ca\\\/avis-legal\\\/\",\"url\":\"https:\\\/\\\/teleasistencia.domusvi.es\\\/ca\\\/avis-legal\\\/\",\"name\":\"Av\u00eds legal - Teleasistencia\",\"isPartOf\":{\"@id\":\"https:\\\/\\\/teleasistencia.domusvi.es\\\/ca\\\/#website\"},\"datePublished\":\"2025-09-02T09:58:44+00:00\",\"dateModified\":\"2026-01-13T08:33:12+00:00\",\"breadcrumb\":{\"@id\":\"https:\\\/\\\/teleasistencia.domusvi.es\\\/ca\\\/avis-legal\\\/#breadcrumb\"},\"inLanguage\":\"ca\",\"potentialAction\":[{\"@type\":\"ReadAction\",\"target\":[\"https:\\\/\\\/teleasistencia.domusvi.es\\\/ca\\\/avis-legal\\\/\"]}]},{\"@type\":\"BreadcrumbList\",\"@id\":\"https:\\\/\\\/teleasistencia.domusvi.es\\\/ca\\\/avis-legal\\\/#breadcrumb\",\"itemListElement\":[{\"@type\":\"ListItem\",\"position\":1,\"name\":\"Portada\",\"item\":\"https:\\\/\\\/teleasistencia.domusvi.es\\\/ca\\\/\"},{\"@type\":\"ListItem\",\"position\":2,\"name\":\"Av\u00eds legal\"}]},{\"@type\":\"WebSite\",\"@id\":\"https:\\\/\\\/teleasistencia.domusvi.es\\\/ca\\\/#website\",\"url\":\"https:\\\/\\\/teleasistencia.domusvi.es\\\/ca\\\/\",\"name\":\"Teleasistencia\",\"description\":\"\",\"publisher\":{\"@id\":\"https:\\\/\\\/teleasistencia.domusvi.es\\\/ca\\\/#organization\"},\"potentialAction\":[{\"@type\":\"SearchAction\",\"target\":{\"@type\":\"EntryPoint\",\"urlTemplate\":\"https:\\\/\\\/teleasistencia.domusvi.es\\\/ca\\\/?s={search_term_string}\"},\"query-input\":{\"@type\":\"PropertyValueSpecification\",\"valueRequired\":true,\"valueName\":\"search_term_string\"}}],\"inLanguage\":\"ca\"},{\"@type\":\"Organization\",\"@id\":\"https:\\\/\\\/teleasistencia.domusvi.es\\\/ca\\\/#organization\",\"name\":\"DomusVi\",\"url\":\"https:\\\/\\\/teleasistencia.domusvi.es\\\/ca\\\/\",\"logo\":{\"@type\":\"ImageObject\",\"inLanguage\":\"ca\",\"@id\":\"https:\\\/\\\/teleasistencia.domusvi.es\\\/ca\\\/#\\\/schema\\\/logo\\\/image\\\/\",\"url\":\"https:\\\/\\\/teleasistencia.programando.ovh\\\/wp-content\\\/uploads\\\/2025\\\/09\\\/logo.svg\",\"contentUrl\":\"https:\\\/\\\/teleasistencia.programando.ovh\\\/wp-content\\\/uploads\\\/2025\\\/09\\\/logo.svg\",\"width\":1,\"height\":1,\"caption\":\"DomusVi\"},\"image\":{\"@id\":\"https:\\\/\\\/teleasistencia.domusvi.es\\\/ca\\\/#\\\/schema\\\/logo\\\/image\\\/\"}}]}<\/script>\n<!-- \/ Yoast SEO plugin. -->","yoast_head_json":{"title":"Av\u00eds legal - Teleasistencia","robots":{"index":"index","follow":"follow","max-snippet":"max-snippet:-1","max-image-preview":"max-image-preview:large","max-video-preview":"max-video-preview:-1"},"canonical":"https:\/\/teleasistencia.domusvi.es\/ca\/avis-legal\/","og_locale":"ca_ES","og_type":"article","og_title":"Av\u00eds legal - Teleasistencia","og_description":"Amb la finalitat de donar compliment a l&#8217;article 10 de la Llei 34\/2002 de Serveis de la Societat de la Informaci\u00f3 i Comer\u00e7 Electr\u00f2nic, informem l&#8217;usuari de les nostres dades: DOMUSVI Denominaci\u00f3 Social Quavitae Servicios Asistenciales SAU NIF A80106842 Domicili Social C\/Ulises, 16-18 28043 MADRID Correu electr\u00f2nic dpo@domusvi.es Tel\u00e8fon 900 10 44 24 Dades d&#8217;inscripci\u00f3 [&hellip;]","og_url":"https:\/\/teleasistencia.domusvi.es\/ca\/avis-legal\/","og_site_name":"Teleasistencia","article_modified_time":"2026-01-13T08:33:12+00:00","twitter_card":"summary_large_image","twitter_misc":{"Temps estimat de lectura":"6 minuts"},"schema":{"@context":"https:\/\/schema.org","@graph":[{"@type":"WebPage","@id":"https:\/\/teleasistencia.domusvi.es\/ca\/avis-legal\/","url":"https:\/\/teleasistencia.domusvi.es\/ca\/avis-legal\/","name":"Av\u00eds legal - Teleasistencia","isPartOf":{"@id":"https:\/\/teleasistencia.domusvi.es\/ca\/#website"},"datePublished":"2025-09-02T09:58:44+00:00","dateModified":"2026-01-13T08:33:12+00:00","breadcrumb":{"@id":"https:\/\/teleasistencia.domusvi.es\/ca\/avis-legal\/#breadcrumb"},"inLanguage":"ca","potentialAction":[{"@type":"ReadAction","target":["https:\/\/teleasistencia.domusvi.es\/ca\/avis-legal\/"]}]},{"@type":"BreadcrumbList","@id":"https:\/\/teleasistencia.domusvi.es\/ca\/avis-legal\/#breadcrumb","itemListElement":[{"@type":"ListItem","position":1,"name":"Portada","item":"https:\/\/teleasistencia.domusvi.es\/ca\/"},{"@type":"ListItem","position":2,"name":"Av\u00eds legal"}]},{"@type":"WebSite","@id":"https:\/\/teleasistencia.domusvi.es\/ca\/#website","url":"https:\/\/teleasistencia.domusvi.es\/ca\/","name":"Teleasistencia","description":"","publisher":{"@id":"https:\/\/teleasistencia.domusvi.es\/ca\/#organization"},"potentialAction":[{"@type":"SearchAction","target":{"@type":"EntryPoint","urlTemplate":"https:\/\/teleasistencia.domusvi.es\/ca\/?s={search_term_string}"},"query-input":{"@type":"PropertyValueSpecification","valueRequired":true,"valueName":"search_term_string"}}],"inLanguage":"ca"},{"@type":"Organization","@id":"https:\/\/teleasistencia.domusvi.es\/ca\/#organization","name":"DomusVi","url":"https:\/\/teleasistencia.domusvi.es\/ca\/","logo":{"@type":"ImageObject","inLanguage":"ca","@id":"https:\/\/teleasistencia.domusvi.es\/ca\/#\/schema\/logo\/image\/","url":"https:\/\/teleasistencia.programando.ovh\/wp-content\/uploads\/2025\/09\/logo.svg","contentUrl":"https:\/\/teleasistencia.programando.ovh\/wp-content\/uploads\/2025\/09\/logo.svg","width":1,"height":1,"caption":"DomusVi"},"image":{"@id":"https:\/\/teleasistencia.domusvi.es\/ca\/#\/schema\/logo\/image\/"}}]}},"_links":{"self":[{"href":"https:\/\/teleasistencia.domusvi.es\/ca\/wp-json\/wp\/v2\/pages\/380","targetHints":{"allow":["GET"]}}],"collection":[{"href":"https:\/\/teleasistencia.domusvi.es\/ca\/wp-json\/wp\/v2\/pages"}],"about":[{"href":"https:\/\/teleasistencia.domusvi.es\/ca\/wp-json\/wp\/v2\/types\/page"}],"author":[{"embeddable":true,"href":"https:\/\/teleasistencia.domusvi.es\/ca\/wp-json\/wp\/v2\/users\/2"}],"replies":[{"embeddable":true,"href":"https:\/\/teleasistencia.domusvi.es\/ca\/wp-json\/wp\/v2\/comments?post=380"}],"version-history":[{"count":0,"href":"https:\/\/teleasistencia.domusvi.es\/ca\/wp-json\/wp\/v2\/pages\/380\/revisions"}],"wp:attachment":[{"href":"https:\/\/teleasistencia.domusvi.es\/ca\/wp-json\/wp\/v2\/media?parent=380"}],"curies":[{"name":"wp","href":"https:\/\/api.w.org\/{rel}","templated":true}]}}